{"id":193,"date":"2025-09-19T08:07:27","date_gmt":"2025-09-19T06:07:27","guid":{"rendered":"https:\/\/zen-shiatsu-fr.fr\/?page_id=193"},"modified":"2025-09-20T10:26:52","modified_gmt":"2025-09-20T08:26:52","slug":"le-shiatsu-2","status":"publish","type":"page","link":"https:\/\/zen-shiatsu-fr.fr\/index.php\/le-shiatsu-2\/","title":{"rendered":"Mon approche du Shiatsu"},"content":{"rendered":"\n<div class=\"wp-block-group alignfull has-secondary-background-color has-background is-layout-flow wp-block-group-is-layout-flow\" style=\"padding-top:6vw;padding-right:6vw;padding-bottom:6vw;padding-left:6vw\">\n<div style=\"height:1vw\" aria-hidden=\"true\" class=\"wp-block-spacer\"><\/div>\n\n\n\n<div class=\"wp-block-group alignwide is-vertical is-nowrap is-layout-flex wp-container-core-group-is-layout-7946b6b8 wp-block-group-is-layout-flex\" style=\"padding-top:0;padding-right:0;padding-bottom:0;padding-left:0\">\n<div class=\"wp-block-columns alignwide is-layout-flex wp-container-core-columns-is-layout-21b20327 wp-block-columns-is-layout-flex\">\n<div class=\"wp-block-column is-layout-flow wp-block-column-is-layout-flow\" style=\"flex-basis:33.38%\">\n<p class=\"has-text-color\" style=\"color:#000000;font-size:17px\">Le shiatsu est avant tout,  une pratique simple et concr\u00e8te : un art du toucher qui aide le corps \u00e0 rel\u00e2cher ses tensions, \u00e0 retrouver son \u00e9quilibre naturel et \u00e0 mobiliser ses propres ressources.<\/p>\n\n\n\n<p class=\"has-text-color\" style=\"color:#000000;font-size:17px\">On parle souvent, dans les traditions orientales, de&nbsp;<em>Qi<\/em>&nbsp;ou d\u2019\u00ab \u00e9nergie \u00bb. Ces notions, sont pour moi avant tout des repr\u00e9sentations symboliques de l\u2019\u00e9quilibre vital. Les anciens praticiens chinois et japonais, bien avant nos outils modernes, avaient une connaissance fine du corps et de son fonctionnement. Leur mani\u00e8re d\u2019observer et de d\u00e9crire la circulation du&nbsp;<em>Qi<\/em>&nbsp;traduit, d\u2019une autre fa\u00e7on, cette compr\u00e9hension subtile de la physiologie humaine.<\/p>\n<\/div>\n\n\n\n<div class=\"wp-block-column is-vertically-aligned-center is-layout-flow wp-block-column-is-layout-flow\" style=\"flex-basis:33%\">\n<div style=\"height:2vw\" aria-hidden=\"true\" class=\"wp-block-spacer\"><\/div>\n\n\n\n<figure class=\"wp-block-image aligncenter size-large\"><img loading=\"lazy\" decoding=\"async\" width=\"768\" height=\"1024\" src=\"https:\/\/zen-shiatsu-fr.fr\/wp-content\/uploads\/2025\/09\/IMG-20240415-WA0008-768x1024.jpg\" alt=\"\" class=\"wp-image-206\" srcset=\"https:\/\/zen-shiatsu-fr.fr\/wp-content\/uploads\/2025\/09\/IMG-20240415-WA0008-768x1024.jpg 768w, https:\/\/zen-shiatsu-fr.fr\/wp-content\/uploads\/2025\/09\/IMG-20240415-WA0008-225x300.jpg 225w, https:\/\/zen-shiatsu-fr.fr\/wp-content\/uploads\/2025\/09\/IMG-20240415-WA0008-1152x1536.jpg 1152w, https:\/\/zen-shiatsu-fr.fr\/wp-content\/uploads\/2025\/09\/IMG-20240415-WA0008-1170x1560.jpg 1170w, https:\/\/zen-shiatsu-fr.fr\/wp-content\/uploads\/2025\/09\/IMG-20240415-WA0008.jpg 1200w\" sizes=\"auto, (max-width: 768px) 100vw, 768px\" \/><\/figure>\n<\/div>\n\n\n\n<div class=\"wp-block-column is-vertically-aligned-center is-layout-flow wp-block-column-is-layout-flow\" style=\"flex-basis:33.62%\">\n<figure class=\"wp-block-image aligncenter size-large\"><img loading=\"lazy\" decoding=\"async\" width=\"692\" height=\"1024\" src=\"https:\/\/zen-shiatsu-fr.fr\/wp-content\/uploads\/2025\/09\/IMG-20240311-WA0039-692x1024.jpg\" alt=\"\" class=\"wp-image-204\" srcset=\"https:\/\/zen-shiatsu-fr.fr\/wp-content\/uploads\/2025\/09\/IMG-20240311-WA0039-692x1024.jpg 692w, https:\/\/zen-shiatsu-fr.fr\/wp-content\/uploads\/2025\/09\/IMG-20240311-WA0039-203x300.jpg 203w, https:\/\/zen-shiatsu-fr.fr\/wp-content\/uploads\/2025\/09\/IMG-20240311-WA0039-768x1137.jpg 768w, https:\/\/zen-shiatsu-fr.fr\/wp-content\/uploads\/2025\/09\/IMG-20240311-WA0039-1038x1536.jpg 1038w, https:\/\/zen-shiatsu-fr.fr\/wp-content\/uploads\/2025\/09\/IMG-20240311-WA0039-1170x1732.jpg 1170w, https:\/\/zen-shiatsu-fr.fr\/wp-content\/uploads\/2025\/09\/IMG-20240311-WA0039.jpg 1376w\" sizes=\"auto, (max-width: 692px) 100vw, 692px\" \/><\/figure>\n<\/div>\n<\/div>\n\n\n\n<div class=\"wp-block-columns alignwide is-layout-flex wp-container-core-columns-is-layout-c24efe4f wp-block-columns-is-layout-flex\">\n<div class=\"wp-block-column is-layout-flow wp-block-column-is-layout-flow\" style=\"flex-basis:69%\">\n<figure class=\"wp-block-image aligncenter size-large is-resized\"><img loading=\"lazy\" decoding=\"async\" width=\"768\" height=\"1024\" src=\"https:\/\/zen-shiatsu-fr.fr\/wp-content\/uploads\/2025\/09\/IMG-20240415-WA0020-768x1024.jpg\" alt=\"\" class=\"wp-image-207\" style=\"width:469px;height:auto\" srcset=\"https:\/\/zen-shiatsu-fr.fr\/wp-content\/uploads\/2025\/09\/IMG-20240415-WA0020-768x1024.jpg 768w, https:\/\/zen-shiatsu-fr.fr\/wp-content\/uploads\/2025\/09\/IMG-20240415-WA0020-225x300.jpg 225w, https:\/\/zen-shiatsu-fr.fr\/wp-content\/uploads\/2025\/09\/IMG-20240415-WA0020-1152x1536.jpg 1152w, https:\/\/zen-shiatsu-fr.fr\/wp-content\/uploads\/2025\/09\/IMG-20240415-WA0020-1170x1560.jpg 1170w, https:\/\/zen-shiatsu-fr.fr\/wp-content\/uploads\/2025\/09\/IMG-20240415-WA0020.jpg 1200w\" sizes=\"auto, (max-width: 768px) 100vw, 768px\" \/><\/figure>\n<\/div>\n\n\n\n<div class=\"wp-block-column is-vertically-aligned-center is-layout-flow wp-block-column-is-layout-flow\" style=\"flex-basis:33%\">\n<p class=\"has-text-color\" style=\"color:#000000;font-size:17px\">Mes limites d\u2019intervention<\/p>\n\n\n\n<p class=\"has-foreground-color has-text-color has-link-color wp-elements-715be015423b51576db78b3a7d1f1467\" style=\"font-size:17px\">Le shiatsu peut apporter d\u00e9tente, vitalit\u00e9 et soutien, mais il ne remplace jamais un suivi m\u00e9dical. Mon r\u00f4le n\u2019est pas de gu\u00e9rir, mais d\u2019accompagner chaque personne avec respect et dans le cadre de ce qui est s\u00e9curitaire pour sa sant\u00e9.<\/p>\n\n\n\n<p class=\"has-foreground-color has-text-color has-link-color wp-elements-c36f3d1ca3050fc4f28d0ca777fe21a5\" style=\"font-size:17px\">Pour cette raison, je ne pratique pas le shiatsu dans certaines situations qui n\u00e9cessitent une prise en charge m\u00e9dicale sp\u00e9cialis\u00e9e, comme par exemple :<\/p>\n\n\n\n<ul style=\"font-size:17px\" class=\"wp-block-list has-foreground-color has-text-color has-link-color wp-elements-f7163d877b10c700952cc5cd3abdbf67\">\n<li>la pr\u00e9sence de tumeurs ou de cancers,<\/li>\n\n\n\n<li>les grossesses \u00e0 risque ou les trois premiers mois de grossesse,<\/li>\n\n\n\n<li>les plaies ouvertes ou fractures,<\/li>\n\n\n\n<li>les \u00e9tats infectieux et fi\u00e8vres,<\/li>\n\n\n\n<li>les probl\u00e8mes cardiaques ou respiratoires graves,<\/li>\n\n\n\n<li>les stades avanc\u00e9s de diab\u00e8te,<\/li>\n\n\n\n<li>les troubles circulatoires s\u00e9v\u00e8res (phl\u00e9bite, embolie),<\/li>\n\n\n\n<li>ou certains handicaps demandant un accompagnement m\u00e9dical sp\u00e9cifique.<\/li>\n<\/ul>\n\n\n\n<p class=\"has-text-color\" style=\"color:#000000;font-size:17px\">Dans tous ces cas, le shiatsu peut parfois trouver sa place \u00e0 un autre moment du parcours de sant\u00e9, mais toujours en compl\u00e9ment et dans le respect des soins m\u00e9dicaux indispensables..<\/p>\n\n\n\n<div style=\"height:2vw\" aria-hidden=\"true\" class=\"wp-block-spacer\"><\/div>\n<\/div>\n<\/div>\n<\/div>\n<\/div>\n","protected":false},"excerpt":{"rendered":"<p>Le shiatsu est avant tout, une pratique simple et concr\u00e8te : un art du toucher qui aide le corps \u00e0 rel\u00e2cher ses tensions, \u00e0 retrouver son \u00e9quilibre naturel et \u00e0 mobiliser ses propres ressources. On parle souvent, dans les traditions orientales, de&nbsp;Qi&nbsp;ou d\u2019\u00ab \u00e9nergie \u00bb. Ces notions, sont pour moi avant tout des repr\u00e9sentations symboliques [&hellip;]<\/p>\n","protected":false},"author":1,"featured_media":0,"parent":0,"menu_order":0,"comment_status":"closed","ping_status":"closed","template":"","meta":{"footnotes":""},"class_list":["post-193","page","type-page","status-publish","hentry"],"yoast_head":"<!-- This site is optimized with the Yoast SEO plugin v27.3 - https:\/\/yoast.com\/product\/yoast-seo-wordpress\/ -->\n<title>Mon approche du Shiatsu - Shiatsu NAGOMI Yann ZEN SHIATSU<\/title>\n<meta name=\"description\" content=\"Shiatsu NAGOMI Yann ZEN SHIATSU Mon approche du Shiatsu D\u00e9couvrez le shiatsu au Cabinet Nagomi \u00e0 Marseille : pratique, bienfaits et dur\u00e9e.\" \/>\n<meta name=\"robots\" content=\"index, follow, max-snippet:-1, max-image-preview:large, max-video-preview:-1\" \/>\n<link rel=\"canonical\" href=\"https:\/\/zen-shiatsu-fr.fr\/index.php\/le-shiatsu-2\/\" \/>\n<meta property=\"og:locale\" content=\"fr_FR\" \/>\n<meta property=\"og:type\" content=\"article\" \/>\n<meta property=\"og:title\" content=\"Mon approche du Shiatsu - Shiatsu NAGOMI Yann ZEN SHIATSU\" \/>\n<meta property=\"og:description\" content=\"Shiatsu NAGOMI Yann ZEN SHIATSU Mon approche du Shiatsu D\u00e9couvrez le shiatsu au Cabinet Nagomi \u00e0 Marseille : pratique, bienfaits et dur\u00e9e.\" \/>\n<meta property=\"og:url\" content=\"https:\/\/zen-shiatsu-fr.fr\/index.php\/le-shiatsu-2\/\" \/>\n<meta property=\"og:site_name\" content=\"Shiatsu NAGOMI Yann ZEN SHIATSU\" \/>\n<meta property=\"article:modified_time\" content=\"2025-09-20T08:26:52+00:00\" \/>\n<meta property=\"og:image\" content=\"https:\/\/zen-shiatsu-fr.fr\/wp-content\/uploads\/2025\/09\/IMG-20240415-WA0008.jpg\" \/>\n\t<meta property=\"og:image:width\" content=\"1200\" \/>\n\t<meta property=\"og:image:height\" content=\"1600\" \/>\n\t<meta property=\"og:image:type\" content=\"image\/jpeg\" \/>\n<meta name=\"twitter:card\" content=\"summary_large_image\" \/>\n<script type=\"application\/ld+json\" class=\"yoast-schema-graph\">{\"@context\":\"https:\\\/\\\/schema.org\",\"@graph\":[{\"@type\":\"WebPage\",\"@id\":\"https:\\\/\\\/zen-shiatsu-fr.fr\\\/index.php\\\/le-shiatsu-2\\\/\",\"url\":\"https:\\\/\\\/zen-shiatsu-fr.fr\\\/index.php\\\/le-shiatsu-2\\\/\",\"name\":\"Mon approche du Shiatsu - Shiatsu NAGOMI Yann ZEN SHIATSU\",\"isPartOf\":{\"@id\":\"https:\\\/\\\/zen-shiatsu-fr.fr\\\/#website\"},\"primaryImageOfPage\":{\"@id\":\"https:\\\/\\\/zen-shiatsu-fr.fr\\\/index.php\\\/le-shiatsu-2\\\/#primaryimage\"},\"image\":{\"@id\":\"https:\\\/\\\/zen-shiatsu-fr.fr\\\/index.php\\\/le-shiatsu-2\\\/#primaryimage\"},\"thumbnailUrl\":\"https:\\\/\\\/zen-shiatsu-fr.fr\\\/wp-content\\\/uploads\\\/2025\\\/09\\\/IMG-20240415-WA0008-768x1024.jpg\",\"datePublished\":\"2025-09-19T06:07:27+00:00\",\"dateModified\":\"2025-09-20T08:26:52+00:00\",\"description\":\"Shiatsu NAGOMI Yann ZEN SHIATSU Mon approche du Shiatsu D\u00e9couvrez le shiatsu au Cabinet Nagomi \u00e0 Marseille : pratique, bienfaits et dur\u00e9e.\",\"breadcrumb\":{\"@id\":\"https:\\\/\\\/zen-shiatsu-fr.fr\\\/index.php\\\/le-shiatsu-2\\\/#breadcrumb\"},\"inLanguage\":\"fr-FR\",\"potentialAction\":[{\"@type\":\"ReadAction\",\"target\":[\"https:\\\/\\\/zen-shiatsu-fr.fr\\\/index.php\\\/le-shiatsu-2\\\/\"]}]},{\"@type\":\"ImageObject\",\"inLanguage\":\"fr-FR\",\"@id\":\"https:\\\/\\\/zen-shiatsu-fr.fr\\\/index.php\\\/le-shiatsu-2\\\/#primaryimage\",\"url\":\"https:\\\/\\\/zen-shiatsu-fr.fr\\\/wp-content\\\/uploads\\\/2025\\\/09\\\/IMG-20240415-WA0008.jpg\",\"contentUrl\":\"https:\\\/\\\/zen-shiatsu-fr.fr\\\/wp-content\\\/uploads\\\/2025\\\/09\\\/IMG-20240415-WA0008.jpg\",\"width\":1200,\"height\":1600},{\"@type\":\"BreadcrumbList\",\"@id\":\"https:\\\/\\\/zen-shiatsu-fr.fr\\\/index.php\\\/le-shiatsu-2\\\/#breadcrumb\",\"itemListElement\":[{\"@type\":\"ListItem\",\"position\":1,\"name\":\"Accueil\",\"item\":\"https:\\\/\\\/zen-shiatsu-fr.fr\\\/\"},{\"@type\":\"ListItem\",\"position\":2,\"name\":\"Mon approche du Shiatsu\"}]},{\"@type\":\"WebSite\",\"@id\":\"https:\\\/\\\/zen-shiatsu-fr.fr\\\/#website\",\"url\":\"https:\\\/\\\/zen-shiatsu-fr.fr\\\/\",\"name\":\"Shiatsu NAGOMI Yann ZEN SHIATSU\",\"description\":\"151 Traverse de la Gouffonne  Bat G4 13009 MARSEILLE\",\"publisher\":{\"@id\":\"https:\\\/\\\/zen-shiatsu-fr.fr\\\/#organization\"},\"potentialAction\":[{\"@type\":\"SearchAction\",\"target\":{\"@type\":\"EntryPoint\",\"urlTemplate\":\"https:\\\/\\\/zen-shiatsu-fr.fr\\\/?s={search_term_string}\"},\"query-input\":{\"@type\":\"PropertyValueSpecification\",\"valueRequired\":true,\"valueName\":\"search_term_string\"}}],\"inLanguage\":\"fr-FR\"},{\"@type\":\"Organization\",\"@id\":\"https:\\\/\\\/zen-shiatsu-fr.fr\\\/#organization\",\"name\":\"Shiatsu NAGOMI Yann ZEN SHIATSU\",\"url\":\"https:\\\/\\\/zen-shiatsu-fr.fr\\\/\",\"logo\":{\"@type\":\"ImageObject\",\"inLanguage\":\"fr-FR\",\"@id\":\"https:\\\/\\\/zen-shiatsu-fr.fr\\\/#\\\/schema\\\/logo\\\/image\\\/\",\"url\":\"https:\\\/\\\/zen-shiatsu-fr.fr\\\/wp-content\\\/uploads\\\/2025\\\/09\\\/9127179de1b26114a7c82c1982bd1825.jpg\",\"contentUrl\":\"https:\\\/\\\/zen-shiatsu-fr.fr\\\/wp-content\\\/uploads\\\/2025\\\/09\\\/9127179de1b26114a7c82c1982bd1825.jpg\",\"width\":564,\"height\":604,\"caption\":\"Shiatsu NAGOMI Yann ZEN SHIATSU\"},\"image\":{\"@id\":\"https:\\\/\\\/zen-shiatsu-fr.fr\\\/#\\\/schema\\\/logo\\\/image\\\/\"}}]}<\/script>\n<!-- \/ Yoast SEO plugin. -->","yoast_head_json":{"title":"Mon approche du Shiatsu - Shiatsu NAGOMI Yann ZEN SHIATSU","description":"Shiatsu NAGOMI Yann ZEN SHIATSU Mon approche du Shiatsu D\u00e9couvrez le shiatsu au Cabinet Nagomi \u00e0 Marseille : pratique, bienfaits et dur\u00e9e.","robots":{"index":"index","follow":"follow","max-snippet":"max-snippet:-1","max-image-preview":"max-image-preview:large","max-video-preview":"max-video-preview:-1"},"canonical":"https:\/\/zen-shiatsu-fr.fr\/index.php\/le-shiatsu-2\/","og_locale":"fr_FR","og_type":"article","og_title":"Mon approche du Shiatsu - Shiatsu NAGOMI Yann ZEN SHIATSU","og_description":"Shiatsu NAGOMI Yann ZEN SHIATSU Mon approche du Shiatsu D\u00e9couvrez le shiatsu au Cabinet Nagomi \u00e0 Marseille : pratique, bienfaits et dur\u00e9e.","og_url":"https:\/\/zen-shiatsu-fr.fr\/index.php\/le-shiatsu-2\/","og_site_name":"Shiatsu NAGOMI Yann ZEN SHIATSU","article_modified_time":"2025-09-20T08:26:52+00:00","og_image":[{"width":1200,"height":1600,"url":"https:\/\/zen-shiatsu-fr.fr\/wp-content\/uploads\/2025\/09\/IMG-20240415-WA0008.jpg","type":"image\/jpeg"}],"twitter_card":"summary_large_image","schema":{"@context":"https:\/\/schema.org","@graph":[{"@type":"WebPage","@id":"https:\/\/zen-shiatsu-fr.fr\/index.php\/le-shiatsu-2\/","url":"https:\/\/zen-shiatsu-fr.fr\/index.php\/le-shiatsu-2\/","name":"Mon approche du Shiatsu - Shiatsu NAGOMI Yann ZEN SHIATSU","isPartOf":{"@id":"https:\/\/zen-shiatsu-fr.fr\/#website"},"primaryImageOfPage":{"@id":"https:\/\/zen-shiatsu-fr.fr\/index.php\/le-shiatsu-2\/#primaryimage"},"image":{"@id":"https:\/\/zen-shiatsu-fr.fr\/index.php\/le-shiatsu-2\/#primaryimage"},"thumbnailUrl":"https:\/\/zen-shiatsu-fr.fr\/wp-content\/uploads\/2025\/09\/IMG-20240415-WA0008-768x1024.jpg","datePublished":"2025-09-19T06:07:27+00:00","dateModified":"2025-09-20T08:26:52+00:00","description":"Shiatsu NAGOMI Yann ZEN SHIATSU Mon approche du Shiatsu D\u00e9couvrez le shiatsu au Cabinet Nagomi \u00e0 Marseille : pratique, bienfaits et dur\u00e9e.","breadcrumb":{"@id":"https:\/\/zen-shiatsu-fr.fr\/index.php\/le-shiatsu-2\/#breadcrumb"},"inLanguage":"fr-FR","potentialAction":[{"@type":"ReadAction","target":["https:\/\/zen-shiatsu-fr.fr\/index.php\/le-shiatsu-2\/"]}]},{"@type":"ImageObject","inLanguage":"fr-FR","@id":"https:\/\/zen-shiatsu-fr.fr\/index.php\/le-shiatsu-2\/#primaryimage","url":"https:\/\/zen-shiatsu-fr.fr\/wp-content\/uploads\/2025\/09\/IMG-20240415-WA0008.jpg","contentUrl":"https:\/\/zen-shiatsu-fr.fr\/wp-content\/uploads\/2025\/09\/IMG-20240415-WA0008.jpg","width":1200,"height":1600},{"@type":"BreadcrumbList","@id":"https:\/\/zen-shiatsu-fr.fr\/index.php\/le-shiatsu-2\/#breadcrumb","itemListElement":[{"@type":"ListItem","position":1,"name":"Accueil","item":"https:\/\/zen-shiatsu-fr.fr\/"},{"@type":"ListItem","position":2,"name":"Mon approche du Shiatsu"}]},{"@type":"WebSite","@id":"https:\/\/zen-shiatsu-fr.fr\/#website","url":"https:\/\/zen-shiatsu-fr.fr\/","name":"Shiatsu NAGOMI Yann ZEN SHIATSU","description":"151 Traverse de la Gouffonne  Bat G4 13009 MARSEILLE","publisher":{"@id":"https:\/\/zen-shiatsu-fr.fr\/#organization"},"potentialAction":[{"@type":"SearchAction","target":{"@type":"EntryPoint","urlTemplate":"https:\/\/zen-shiatsu-fr.fr\/?s={search_term_string}"},"query-input":{"@type":"PropertyValueSpecification","valueRequired":true,"valueName":"search_term_string"}}],"inLanguage":"fr-FR"},{"@type":"Organization","@id":"https:\/\/zen-shiatsu-fr.fr\/#organization","name":"Shiatsu NAGOMI Yann ZEN SHIATSU","url":"https:\/\/zen-shiatsu-fr.fr\/","logo":{"@type":"ImageObject","inLanguage":"fr-FR","@id":"https:\/\/zen-shiatsu-fr.fr\/#\/schema\/logo\/image\/","url":"https:\/\/zen-shiatsu-fr.fr\/wp-content\/uploads\/2025\/09\/9127179de1b26114a7c82c1982bd1825.jpg","contentUrl":"https:\/\/zen-shiatsu-fr.fr\/wp-content\/uploads\/2025\/09\/9127179de1b26114a7c82c1982bd1825.jpg","width":564,"height":604,"caption":"Shiatsu NAGOMI Yann ZEN SHIATSU"},"image":{"@id":"https:\/\/zen-shiatsu-fr.fr\/#\/schema\/logo\/image\/"}}]}},"_links":{"self":[{"href":"https:\/\/zen-shiatsu-fr.fr\/index.php\/wp-json\/wp\/v2\/pages\/193","targetHints":{"allow":["GET"]}}],"collection":[{"href":"https:\/\/zen-shiatsu-fr.fr\/index.php\/wp-json\/wp\/v2\/pages"}],"about":[{"href":"https:\/\/zen-shiatsu-fr.fr\/index.php\/wp-json\/wp\/v2\/types\/page"}],"author":[{"embeddable":true,"href":"https:\/\/zen-shiatsu-fr.fr\/index.php\/wp-json\/wp\/v2\/users\/1"}],"replies":[{"embeddable":true,"href":"https:\/\/zen-shiatsu-fr.fr\/index.php\/wp-json\/wp\/v2\/comments?post=193"}],"version-history":[{"count":8,"href":"https:\/\/zen-shiatsu-fr.fr\/index.php\/wp-json\/wp\/v2\/pages\/193\/revisions"}],"predecessor-version":[{"id":290,"href":"https:\/\/zen-shiatsu-fr.fr\/index.php\/wp-json\/wp\/v2\/pages\/193\/revisions\/290"}],"wp:attachment":[{"href":"https:\/\/zen-shiatsu-fr.fr\/index.php\/wp-json\/wp\/v2\/media?parent=193"}],"curies":[{"name":"wp","href":"https:\/\/api.w.org\/{rel}","templated":true}]}}