{"id":5,"date":"2023-06-19T15:51:08","date_gmt":"2023-06-19T13:51:08","guid":{"rendered":"http:\/\/zenshii.cluster029.hosting.ovh.net\/?page_id=5"},"modified":"2025-09-20T10:23:30","modified_gmt":"2025-09-20T08:23:30","slug":"shiatsu-marseille","status":"publish","type":"page","link":"https:\/\/zen-shiatsu-fr.fr\/","title":{"rendered":"Accueil"},"content":{"rendered":"\n<h1 class=\"wp-block-heading has-white-color has-text-color\">shiatsu lombalgies marseille- shiatsu sciatalgies marseille- shiatsu colon irritable marseille- shiatsu SII marseille- shaitsu sci marseille- shiatsu douleurs lombaires marseille- shiatsu fatigue marseille- shiatsu diminution du stress marseille- shiatsu cycle hormonal marseille- shiatsu &#8211; shiatsu massage marseille-shiatsu bien \u00eatre marseille-shiatsu etirements marseille-shiatsu meridiens marseille-shiatsu foie marseille-shiatsu vessie marseille-shiatsu rein marseille-shiatsu masunaga marseille-zen shiatsu marseille<\/h1>\n","protected":false},"excerpt":{"rendered":"<p>shiatsu lombalgies marseille- shiatsu sciatalgies marseille- shiatsu colon irritable marseille- shiatsu SII marseille- shaitsu sci marseille- shiatsu douleurs lombaires marseille- shiatsu fatigue marseille- shiatsu diminution du stress marseille- shiatsu cycle hormonal marseille- shiatsu &#8211; shiatsu massage marseille-shiatsu bien \u00eatre marseille-shiatsu etirements marseille-shiatsu meridiens marseille-shiatsu foie marseille-shiatsu vessie marseille-shiatsu rein marseille-shiatsu masunaga marseille-zen shiatsu marseille<\/p>\n","protected":false},"author":1,"featured_media":0,"parent":0,"menu_order":0,"comment_status":"closed","ping_status":"closed","template":"","meta":{"footnotes":""},"class_list":["post-5","page","type-page","status-publish","hentry"],"yoast_head":"<!-- This site is optimized with the Yoast SEO plugin v27.3 - https:\/\/yoast.com\/product\/yoast-seo-wordpress\/ -->\n<title>Accueil - Shiatsu NAGOMI Yann ZEN SHIATSU<\/title>\n<meta name=\"description\" content=\"D\u00e9couvrez le cabinet Shiatsu Nagomi \u00e0 Marseille. S\u00e9ances de shiatsu pour rel\u00e2cher les tensions, am\u00e9liorer la mobilit\u00e9 et retrouver \u00e9quilibre et bien-\u00eatre.\" \/>\n<meta name=\"robots\" content=\"index, follow, max-snippet:-1, max-image-preview:large, max-video-preview:-1\" \/>\n<link rel=\"canonical\" href=\"https:\/\/zen-shiatsu-fr.fr\/\" \/>\n<meta property=\"og:locale\" content=\"fr_FR\" \/>\n<meta property=\"og:type\" content=\"article\" \/>\n<meta property=\"og:title\" content=\"Accueil - Shiatsu NAGOMI Yann ZEN SHIATSU\" \/>\n<meta property=\"og:description\" content=\"D\u00e9couvrez le cabinet Shiatsu Nagomi \u00e0 Marseille. S\u00e9ances de shiatsu pour rel\u00e2cher les tensions, am\u00e9liorer la mobilit\u00e9 et retrouver \u00e9quilibre et bien-\u00eatre.\" \/>\n<meta property=\"og:url\" content=\"https:\/\/zen-shiatsu-fr.fr\/\" \/>\n<meta property=\"og:site_name\" content=\"Shiatsu NAGOMI Yann ZEN SHIATSU\" \/>\n<meta property=\"article:modified_time\" content=\"2025-09-20T08:23:30+00:00\" \/>\n<meta name=\"twitter:card\" content=\"summary_large_image\" \/>\n<meta name=\"twitter:label1\" content=\"Dur\u00e9e de lecture estim\u00e9e\" \/>\n\t<meta name=\"twitter:data1\" content=\"1 minute\" \/>\n<script type=\"application\/ld+json\" class=\"yoast-schema-graph\">{\"@context\":\"https:\\\/\\\/schema.org\",\"@graph\":[{\"@type\":\"WebPage\",\"@id\":\"https:\\\/\\\/zen-shiatsu-fr.fr\\\/\",\"url\":\"https:\\\/\\\/zen-shiatsu-fr.fr\\\/\",\"name\":\"Accueil - Shiatsu NAGOMI Yann ZEN SHIATSU\",\"isPartOf\":{\"@id\":\"https:\\\/\\\/zen-shiatsu-fr.fr\\\/#website\"},\"datePublished\":\"2023-06-19T13:51:08+00:00\",\"dateModified\":\"2025-09-20T08:23:30+00:00\",\"description\":\"D\u00e9couvrez le cabinet Shiatsu Nagomi \u00e0 Marseille. S\u00e9ances de shiatsu pour rel\u00e2cher les tensions, am\u00e9liorer la mobilit\u00e9 et retrouver \u00e9quilibre et bien-\u00eatre.\",\"breadcrumb\":{\"@id\":\"https:\\\/\\\/zen-shiatsu-fr.fr\\\/#breadcrumb\"},\"inLanguage\":\"fr-FR\",\"potentialAction\":[{\"@type\":\"ReadAction\",\"target\":[\"https:\\\/\\\/zen-shiatsu-fr.fr\\\/\"]}]},{\"@type\":\"BreadcrumbList\",\"@id\":\"https:\\\/\\\/zen-shiatsu-fr.fr\\\/#breadcrumb\",\"itemListElement\":[{\"@type\":\"ListItem\",\"position\":1,\"name\":\"Accueil\",\"item\":\"https:\\\/\\\/zen-shiatsu-fr.fr\\\/\"},{\"@type\":\"ListItem\",\"position\":2,\"name\":\"Accueil\"}]},{\"@type\":\"WebSite\",\"@id\":\"https:\\\/\\\/zen-shiatsu-fr.fr\\\/#website\",\"url\":\"https:\\\/\\\/zen-shiatsu-fr.fr\\\/\",\"name\":\"Shiatsu NAGOMI Yann ZEN SHIATSU\",\"description\":\"151 Traverse de la Gouffonne  Bat G4 13009 MARSEILLE\",\"publisher\":{\"@id\":\"https:\\\/\\\/zen-shiatsu-fr.fr\\\/#organization\"},\"potentialAction\":[{\"@type\":\"SearchAction\",\"target\":{\"@type\":\"EntryPoint\",\"urlTemplate\":\"https:\\\/\\\/zen-shiatsu-fr.fr\\\/?s={search_term_string}\"},\"query-input\":{\"@type\":\"PropertyValueSpecification\",\"valueRequired\":true,\"valueName\":\"search_term_string\"}}],\"inLanguage\":\"fr-FR\"},{\"@type\":\"Organization\",\"@id\":\"https:\\\/\\\/zen-shiatsu-fr.fr\\\/#organization\",\"name\":\"Shiatsu NAGOMI Yann ZEN SHIATSU\",\"url\":\"https:\\\/\\\/zen-shiatsu-fr.fr\\\/\",\"logo\":{\"@type\":\"ImageObject\",\"inLanguage\":\"fr-FR\",\"@id\":\"https:\\\/\\\/zen-shiatsu-fr.fr\\\/#\\\/schema\\\/logo\\\/image\\\/\",\"url\":\"https:\\\/\\\/zen-shiatsu-fr.fr\\\/wp-content\\\/uploads\\\/2025\\\/09\\\/9127179de1b26114a7c82c1982bd1825.jpg\",\"contentUrl\":\"https:\\\/\\\/zen-shiatsu-fr.fr\\\/wp-content\\\/uploads\\\/2025\\\/09\\\/9127179de1b26114a7c82c1982bd1825.jpg\",\"width\":564,\"height\":604,\"caption\":\"Shiatsu NAGOMI Yann ZEN SHIATSU\"},\"image\":{\"@id\":\"https:\\\/\\\/zen-shiatsu-fr.fr\\\/#\\\/schema\\\/logo\\\/image\\\/\"}}]}<\/script>\n<!-- \/ Yoast SEO plugin. -->","yoast_head_json":{"title":"Accueil - Shiatsu NAGOMI Yann ZEN SHIATSU","description":"D\u00e9couvrez le cabinet Shiatsu Nagomi \u00e0 Marseille. S\u00e9ances de shiatsu pour rel\u00e2cher les tensions, am\u00e9liorer la mobilit\u00e9 et retrouver \u00e9quilibre et bien-\u00eatre.","robots":{"index":"index","follow":"follow","max-snippet":"max-snippet:-1","max-image-preview":"max-image-preview:large","max-video-preview":"max-video-preview:-1"},"canonical":"https:\/\/zen-shiatsu-fr.fr\/","og_locale":"fr_FR","og_type":"article","og_title":"Accueil - Shiatsu NAGOMI Yann ZEN SHIATSU","og_description":"D\u00e9couvrez le cabinet Shiatsu Nagomi \u00e0 Marseille. S\u00e9ances de shiatsu pour rel\u00e2cher les tensions, am\u00e9liorer la mobilit\u00e9 et retrouver \u00e9quilibre et bien-\u00eatre.","og_url":"https:\/\/zen-shiatsu-fr.fr\/","og_site_name":"Shiatsu NAGOMI Yann ZEN SHIATSU","article_modified_time":"2025-09-20T08:23:30+00:00","twitter_card":"summary_large_image","twitter_misc":{"Dur\u00e9e de lecture estim\u00e9e":"1 minute"},"schema":{"@context":"https:\/\/schema.org","@graph":[{"@type":"WebPage","@id":"https:\/\/zen-shiatsu-fr.fr\/","url":"https:\/\/zen-shiatsu-fr.fr\/","name":"Accueil - Shiatsu NAGOMI Yann ZEN SHIATSU","isPartOf":{"@id":"https:\/\/zen-shiatsu-fr.fr\/#website"},"datePublished":"2023-06-19T13:51:08+00:00","dateModified":"2025-09-20T08:23:30+00:00","description":"D\u00e9couvrez le cabinet Shiatsu Nagomi \u00e0 Marseille. S\u00e9ances de shiatsu pour rel\u00e2cher les tensions, am\u00e9liorer la mobilit\u00e9 et retrouver \u00e9quilibre et bien-\u00eatre.","breadcrumb":{"@id":"https:\/\/zen-shiatsu-fr.fr\/#breadcrumb"},"inLanguage":"fr-FR","potentialAction":[{"@type":"ReadAction","target":["https:\/\/zen-shiatsu-fr.fr\/"]}]},{"@type":"BreadcrumbList","@id":"https:\/\/zen-shiatsu-fr.fr\/#breadcrumb","itemListElement":[{"@type":"ListItem","position":1,"name":"Accueil","item":"https:\/\/zen-shiatsu-fr.fr\/"},{"@type":"ListItem","position":2,"name":"Accueil"}]},{"@type":"WebSite","@id":"https:\/\/zen-shiatsu-fr.fr\/#website","url":"https:\/\/zen-shiatsu-fr.fr\/","name":"Shiatsu NAGOMI Yann ZEN SHIATSU","description":"151 Traverse de la Gouffonne  Bat G4 13009 MARSEILLE","publisher":{"@id":"https:\/\/zen-shiatsu-fr.fr\/#organization"},"potentialAction":[{"@type":"SearchAction","target":{"@type":"EntryPoint","urlTemplate":"https:\/\/zen-shiatsu-fr.fr\/?s={search_term_string}"},"query-input":{"@type":"PropertyValueSpecification","valueRequired":true,"valueName":"search_term_string"}}],"inLanguage":"fr-FR"},{"@type":"Organization","@id":"https:\/\/zen-shiatsu-fr.fr\/#organization","name":"Shiatsu NAGOMI Yann ZEN SHIATSU","url":"https:\/\/zen-shiatsu-fr.fr\/","logo":{"@type":"ImageObject","inLanguage":"fr-FR","@id":"https:\/\/zen-shiatsu-fr.fr\/#\/schema\/logo\/image\/","url":"https:\/\/zen-shiatsu-fr.fr\/wp-content\/uploads\/2025\/09\/9127179de1b26114a7c82c1982bd1825.jpg","contentUrl":"https:\/\/zen-shiatsu-fr.fr\/wp-content\/uploads\/2025\/09\/9127179de1b26114a7c82c1982bd1825.jpg","width":564,"height":604,"caption":"Shiatsu NAGOMI Yann ZEN SHIATSU"},"image":{"@id":"https:\/\/zen-shiatsu-fr.fr\/#\/schema\/logo\/image\/"}}]}},"_links":{"self":[{"href":"https:\/\/zen-shiatsu-fr.fr\/index.php\/wp-json\/wp\/v2\/pages\/5","targetHints":{"allow":["GET"]}}],"collection":[{"href":"https:\/\/zen-shiatsu-fr.fr\/index.php\/wp-json\/wp\/v2\/pages"}],"about":[{"href":"https:\/\/zen-shiatsu-fr.fr\/index.php\/wp-json\/wp\/v2\/types\/page"}],"author":[{"embeddable":true,"href":"https:\/\/zen-shiatsu-fr.fr\/index.php\/wp-json\/wp\/v2\/users\/1"}],"replies":[{"embeddable":true,"href":"https:\/\/zen-shiatsu-fr.fr\/index.php\/wp-json\/wp\/v2\/comments?post=5"}],"version-history":[{"count":5,"href":"https:\/\/zen-shiatsu-fr.fr\/index.php\/wp-json\/wp\/v2\/pages\/5\/revisions"}],"predecessor-version":[{"id":127,"href":"https:\/\/zen-shiatsu-fr.fr\/index.php\/wp-json\/wp\/v2\/pages\/5\/revisions\/127"}],"wp:attachment":[{"href":"https:\/\/zen-shiatsu-fr.fr\/index.php\/wp-json\/wp\/v2\/media?parent=5"}],"curies":[{"name":"wp","href":"https:\/\/api.w.org\/{rel}","templated":true}]}}